{"id":90,"date":"2011-08-22T22:55:36","date_gmt":"2011-08-22T20:55:36","guid":{"rendered":"http:\/\/longsard.fr\/fr\/?page_id=90"},"modified":"2011-08-27T17:25:30","modified_gmt":"2011-08-27T15:25:30","slug":"salles-seminaires","status":"publish","type":"page","link":"https:\/\/longsard.fr\/fr\/index.php\/salles-seminaires\/","title":{"rendered":"Salles pour S\u00e9minaires"},"content":{"rendered":"<p><script type=\"text\/javascript\"><\/p>\n<p>  var _gaq = _gaq || [];\n  _gaq.push(['_setAccount', 'UA-7282598-3']);\n  _gaq.push(['_setDomainName', '.longsard.fr']);\n  _gaq.push(['_trackPageview']);<\/p>\n<p>  (function() {\n    var ga = document.createElement('script'); ga.type = 'text\/javascript'; ga.async = true;\n    ga.src = ('https:' == document.location.protocol ? 'https:\/\/ssl' : 'http:\/\/www') + '.google-analytics.com\/ga.js';\n    var s = document.getElementsByTagName('script')[0]; s.parentNode.insertBefore(ga, s);\n  })();<\/p>\n<p><\/script><br \/>\n<a href=\"http:\/\/longsard.fr\/fr\/wp-content\/uploads\/2011\/08\/tableau-capacit%C3%A9-s%C3%A9minaire.jpg\"><img loading=\"lazy\" class=\"aligncenter size-full wp-image-215\" title=\"tableau capacit\u00e9 s\u00e9minaire\" src=\"http:\/\/longsard.fr\/fr\/wp-content\/uploads\/2011\/08\/tableau-capacit%C3%A9-s%C3%A9minaire.jpg\" alt=\"\" width=\"774\" height=\"424\" \/><\/a><\/p>\n<p>* Toutes les salles de s\u00e9minaire sont \u00e9quip\u00e9es du Wifi, paperboard, \u00e9cran de projection et vid\u00e9oprojecteur.<\/p>\n","protected":false},"excerpt":{"rendered":"<p>* Toutes les salles de s\u00e9minaire sont \u00e9quip\u00e9es du Wifi, paperboard, \u00e9cran de projection et vid\u00e9oprojecteur.<\/p>\n","protected":false},"author":1,"featured_media":0,"parent":0,"menu_order":0,"comment_status":"closed","ping_status":"closed","template":"onecolumn-page.php","meta":{"ngg_post_thumbnail":0},"_links":{"self":[{"href":"https:\/\/longsard.fr\/fr\/index.php\/wp-json\/wp\/v2\/pages\/90"}],"collection":[{"href":"https:\/\/longsard.fr\/fr\/index.php\/wp-json\/wp\/v2\/pages"}],"about":[{"href":"https:\/\/longsard.fr\/fr\/index.php\/wp-json\/wp\/v2\/types\/page"}],"author":[{"embeddable":true,"href":"https:\/\/longsard.fr\/fr\/index.php\/wp-json\/wp\/v2\/users\/1"}],"replies":[{"embeddable":true,"href":"https:\/\/longsard.fr\/fr\/index.php\/wp-json\/wp\/v2\/comments?post=90"}],"version-history":[{"count":16,"href":"https:\/\/longsard.fr\/fr\/index.php\/wp-json\/wp\/v2\/pages\/90\/revisions"}],"predecessor-version":[{"id":255,"href":"https:\/\/longsard.fr\/fr\/index.php\/wp-json\/wp\/v2\/pages\/90\/revisions\/255"}],"wp:attachment":[{"href":"https:\/\/longsard.fr\/fr\/index.php\/wp-json\/wp\/v2\/media?parent=90"}],"curies":[{"name":"wp","href":"https:\/\/api.w.org\/{rel}","templated":true}]}}