{"id":2,"date":"2011-07-23T17:16:26","date_gmt":"2011-07-23T15:16:26","guid":{"rendered":"http:\/\/longsard.fr\/fr\/\/?page_id=2"},"modified":"2014-09-17T17:00:51","modified_gmt":"2014-09-17T15:00:51","slug":"about","status":"publish","type":"page","link":"https:\/\/longsard.fr\/fr\/index.php\/visite-jardins-remarquables-beaujolais\/about\/","title":{"rendered":"Le Pays Beaujolais"},"content":{"rendered":"<p>Parcourir le Beaujolais du haut en bas avec la carte de le route des vins.<\/p>\n<p>Vous pouvez aussi \u00a0t\u00e9l\u00e9charger les brochures G\u00e9ocurieux pour des id\u00e9es de sorties.<\/p>\n<p><a title=\"Brochure G\u00e9ocurieux\" href=\"http:\/\/fr.calameo.com\/read\/00388827573095c9d18d7\">G\u00e9ocurieux<\/a><\/p>\n<p><script type=\"text\/javascript\">\/\/ <![CDATA[\n\n\n  var _gaq = _gaq || [];\n  _gaq.push(['_setAccount', 'UA-7282598-3']);\n  _gaq.push(['_setDomainName', '.longsard.fr']);\n  _gaq.push(['_trackPageview']);\n\n  (function() {\n    var ga = document.createElement('script'); ga.type = 'text\/javascript'; ga.async = true;\n    ga.src = ('https:' == document.location.protocol ? 'https:\/\/ssl' : 'http:\/\/www') + '.google-analytics.com\/ga.js';\n    var s = document.getElementsByTagName('script')[0]; s.parentNode.insertBefore(ga, s);\n  })();\n\n\/\/ ]]><\/script><\/p>\n","protected":false},"excerpt":{"rendered":"<p>Parcourir le Beaujolais du haut en bas avec la carte de le route des vins. Vous pouvez aussi \u00a0t\u00e9l\u00e9charger les brochures G\u00e9ocurieux pour des id\u00e9es &hellip;<\/p>\n","protected":false},"author":1,"featured_media":0,"parent":82,"menu_order":0,"comment_status":"closed","ping_status":"closed","template":"","meta":{"ngg_post_thumbnail":0},"_links":{"self":[{"href":"https:\/\/longsard.fr\/fr\/index.php\/wp-json\/wp\/v2\/pages\/2"}],"collection":[{"href":"https:\/\/longsard.fr\/fr\/index.php\/wp-json\/wp\/v2\/pages"}],"about":[{"href":"https:\/\/longsard.fr\/fr\/index.php\/wp-json\/wp\/v2\/types\/page"}],"author":[{"embeddable":true,"href":"https:\/\/longsard.fr\/fr\/index.php\/wp-json\/wp\/v2\/users\/1"}],"replies":[{"embeddable":true,"href":"https:\/\/longsard.fr\/fr\/index.php\/wp-json\/wp\/v2\/comments?post=2"}],"version-history":[{"count":6,"href":"https:\/\/longsard.fr\/fr\/index.php\/wp-json\/wp\/v2\/pages\/2\/revisions"}],"predecessor-version":[{"id":294,"href":"https:\/\/longsard.fr\/fr\/index.php\/wp-json\/wp\/v2\/pages\/2\/revisions\/294"}],"up":[{"embeddable":true,"href":"https:\/\/longsard.fr\/fr\/index.php\/wp-json\/wp\/v2\/pages\/82"}],"wp:attachment":[{"href":"https:\/\/longsard.fr\/fr\/index.php\/wp-json\/wp\/v2\/media?parent=2"}],"curies":[{"name":"wp","href":"https:\/\/api.w.org\/{rel}","templated":true}]}}