{"id":134,"date":"2011-08-25T10:30:00","date_gmt":"2011-08-25T08:30:00","guid":{"rendered":"http:\/\/longsard.fr\/fr\/?page_id=134"},"modified":"2011-08-27T17:27:03","modified_gmt":"2011-08-27T15:27:03","slug":"le-chateau","status":"publish","type":"page","link":"https:\/\/longsard.fr\/fr\/index.php\/visite-jardins-remarquables-beaujolais\/le-chateau\/","title":{"rendered":"Le ch\u00e2teau"},"content":{"rendered":"<p><script type=\"text\/javascript\"><\/p>\n<p>  var _gaq = _gaq || [];\n  _gaq.push(['_setAccount', 'UA-7282598-3']);\n  _gaq.push(['_setDomainName', '.longsard.fr']);\n  _gaq.push(['_trackPageview']);<\/p>\n<p>  (function() {\n    var ga = document.createElement('script'); ga.type = 'text\/javascript'; ga.async = true;\n    ga.src = ('https:' == document.location.protocol ? 'https:\/\/ssl' : 'http:\/\/www') + '.google-analytics.com\/ga.js';\n    var s = document.getElementsByTagName('script')[0]; s.parentNode.insertBefore(ga, s);\n  })();<\/p>\n<p><\/script><br \/>\nSi le domaine de Longsard appara\u00eet d\u00e8s le d\u00e9but du 17<sup>\u00e8me<\/sup> si\u00e8cle, la propri\u00e9t\u00e9 que vous allez visiter a \u00e9t\u00e9 construite durant la deuxi\u00e8me moiti\u00e9 du 18<sup>\u00e8me<\/sup> si\u00e8cle par Jean-Charles Marie de Brun, conseiller du roi et ma\u00eetre des Eaux et For\u00eats de la province de Beaujolais, alors propri\u00e9taire du Domaine de Longsard ( Plan de 1752) situ\u00e9 au Sud du Ch\u00e2teau actuel.<\/p>\n<p>En 1780, le propri\u00e9taire est le Seigneur Pierre Verd de Longsard. Victor de Saint Amand, fermier g\u00e9n\u00e9ral, acquiert la propri\u00e9t\u00e9 et fait faire un plan en 1792 par M. Gilbert, g\u00e9om\u00e8tre. Il mourra guillotin\u00e9 le 31 janvier 1794. La propri\u00e9t\u00e9 passe en 1835 \u00e0 la famille Pollalion, vicomte de Glavenas.<\/p>\n<p>Elle compte 220 hectares dont beaucoup de vignes. Monsieur de Pollalion devient maire d\u2019Arnas et est un membre \u00e9minent de la Soci\u00e9t\u00e9 d\u2019horticulture de Lyon dont il a \u00e9t\u00e9 l\u2019un des cr\u00e9ateurs. La propri\u00e9t\u00e9 compte alors cinq fermes, o\u00f9 il instaure des m\u00e9thodes de culture modernes. C\u2019est \u00e0 cette \u00e9poque\u00a0 que des changements sont apport\u00e9s au ch\u00e2teau : \u00e0 l\u2019ext\u00e9rieur, pose de persiennes et remplacement des fen\u00eatres 18<sup>\u00e8me<\/sup> si\u00e8cle \u00e0 petits carreaux (dont il reste quelques-unes). A l\u2019int\u00e9rieur, r\u00e9fection de la salle \u00e0 manger avec ses boiseries et son papier peint, dans l\u2019entr\u00e9e, pose d\u2019une mosa\u00efque italienne illustrant le blason de la famille Pollalion.<\/p>\n<p>En 1891, le comte et le comtesse Paul Claret de Fleurieu rach\u00e8tent le ch\u00e2teau qui restera dans la famille jusqu\u2019en ao\u00fbt 1997.<\/p>\n<p>Les propri\u00e9taires actuels, le comte et la comtesse Olivier du Mesnil du Buisson, sont heureux de vous ouvrir les ext\u00e9rieurs dont la restauration est en cours et prendra quelques ann\u00e9es.<\/p>\n<p>Le dessin des jardins \u00e0 la fran\u00e7aise, tels que vous les voyez, date de 1792,\u00a0comme le montre un plan original. Ils ont \u00e9t\u00e9 l\u00e9g\u00e8rement modifi\u00e9s dans le temps afin de simplifier leur entretien. Autour du jardin, un parc paysager romantique\u00a0 de style anglais a \u00e9t\u00e9 plant\u00e9, comme c\u2019\u00e9tait la mode au 19<sup>\u00e8me<\/sup> si\u00e8cle.<\/p>\n","protected":false},"excerpt":{"rendered":"<p>Si le domaine de Longsard appara\u00eet d\u00e8s le d\u00e9but du 17\u00e8me si\u00e8cle, la propri\u00e9t\u00e9 que vous allez visiter a \u00e9t\u00e9 construite durant la deuxi\u00e8me moiti\u00e9 &hellip;<\/p>\n","protected":false},"author":1,"featured_media":0,"parent":82,"menu_order":0,"comment_status":"closed","ping_status":"closed","template":"","meta":{"ngg_post_thumbnail":0},"_links":{"self":[{"href":"https:\/\/longsard.fr\/fr\/index.php\/wp-json\/wp\/v2\/pages\/134"}],"collection":[{"href":"https:\/\/longsard.fr\/fr\/index.php\/wp-json\/wp\/v2\/pages"}],"about":[{"href":"https:\/\/longsard.fr\/fr\/index.php\/wp-json\/wp\/v2\/types\/page"}],"author":[{"embeddable":true,"href":"https:\/\/longsard.fr\/fr\/index.php\/wp-json\/wp\/v2\/users\/1"}],"replies":[{"embeddable":true,"href":"https:\/\/longsard.fr\/fr\/index.php\/wp-json\/wp\/v2\/comments?post=134"}],"version-history":[{"count":3,"href":"https:\/\/longsard.fr\/fr\/index.php\/wp-json\/wp\/v2\/pages\/134\/revisions"}],"predecessor-version":[{"id":260,"href":"https:\/\/longsard.fr\/fr\/index.php\/wp-json\/wp\/v2\/pages\/134\/revisions\/260"}],"up":[{"embeddable":true,"href":"https:\/\/longsard.fr\/fr\/index.php\/wp-json\/wp\/v2\/pages\/82"}],"wp:attachment":[{"href":"https:\/\/longsard.fr\/fr\/index.php\/wp-json\/wp\/v2\/media?parent=134"}],"curies":[{"name":"wp","href":"https:\/\/api.w.org\/{rel}","templated":true}]}}