{"id":124,"date":"2011-08-25T10:26:11","date_gmt":"2011-08-25T08:26:11","guid":{"rendered":"http:\/\/longsard.fr\/fr\/?page_id=124"},"modified":"2021-05-17T14:32:09","modified_gmt":"2021-05-17T12:32:09","slug":"chambre-dhote-de-charme-pres-de-lyon-macon-beaujolais","status":"publish","type":"page","link":"https:\/\/longsard.fr\/fr\/index.php\/chambre-dhote-de-charme-pres-de-lyon-macon-beaujolais\/","title":{"rendered":"Les chambres au ch\u00e2teau"},"content":{"rendered":"<p><script type=\"text\/javascript\">\/\/ <![CDATA[\n\n\n  var _gaq = _gaq || [];<br \/>\n  _gaq.push(['_setAccount', 'UA-7282598-3']);<br \/>\n  _gaq.push(['_setDomainName', '.longsard.fr']);<br \/>\n  _gaq.push(['_trackPageview']);<\/p>\n<p>  (function() {<br \/>\n    var ga = document.createElement('script'); ga.type = 'text\/javascript'; ga.async = true;<br \/>\n    ga.src = ('https:' == document.location.protocol ? 'https:\/\/ssl' : 'http:\/\/www') + '.google-analytics.com\/ga.js';<br \/>\n    var s = document.getElementsByTagName('script')[0]; s.parentNode.insertBefore(ga, s);<br \/>\n  })();<\/p>\n<p>\/\/ ]]><\/script><br>Tous pr\u00e8s de l&rsquo;autoroute A6, mais en pleine campagne le ch\u00e2teau de Longsard vous propose cinq chambres de prestige toutes avec vue sur les jardins \u00e0 la fran\u00e7aise.Vous y trouverez cinq chambres d&rsquo;h\u00f4tes de charme au ch\u00e2teau, dont 3 suites. Quelques unes avec sol en parquet de ch\u00eane, plafond \u00e0 la fran\u00e7aise et lits \u00e0 baldaquin.&nbsp;<\/p>\n<p>Notre armure du 3\u00e8me mill\u00e9naire vous accueille d\u00e8s l&rsquo;entr\u00e9e.&nbsp;<\/p>\n\n\n<p><\/p>\n\n\n\n<p>Nous vous invitons dans le salon afin de vous offrir un verre de  Beaujolais avant de passer \u00e0 table. En hiver, vous vous r\u00e9chaufferez devant un bon feu de chemin\u00e9e.<\/p>\n\n\n\n<p>Vos h\u00f4tes, Alexandra et Olivier, franco-am\u00e9ricains et polyglottes, sont fiers de vous faire d\u00e9couvrir leur propri\u00e9t\u00e9 et son histoire.<\/p>\n\n\n<!-- index.php -->\n<div\n\tclass=\"ngg-galleryoverview ngg-ajax-pagination-none\"\n\tid=\"ngg-gallery-6903b799e8ec28c15812689dbef1cf39-1\">\n\n    \t<div class=\"slideshowlink\">\n        <a href='https:\/\/longsard.fr\/fr\/index.php\/chambre-dhote-de-charme-pres-de-lyon-macon-beaujolais\/nggallery\/slideshow'>[Show as slideshow]<\/a>\n\t\t\n\t<\/div>\n\t\t\t<!-- Thumbnails -->\n\t\t\t\t<div id=\"ngg-image-0\" class=\"ngg-gallery-thumbnail-box\" >\n\t\t\t\t        <div class=\"ngg-gallery-thumbnail\">\n            <a href=\"https:\/\/longsard.fr\/fr\/wp-content\/gallery\/chambres\/chambre-jaune.jpg\"\n               title=\"\"\n               data-src=\"https:\/\/longsard.fr\/fr\/wp-content\/gallery\/chambres\/chambre-jaune.jpg\"\n               data-thumbnail=\"https:\/\/longsard.fr\/fr\/wp-content\/gallery\/chambres\/thumbs\/thumbs_chambre-jaune.jpg\"\n               data-image-id=\"13\"\n               data-title=\"Chambre Jaune\"\n               data-description=\"\"\n               data-image-slug=\"chambre-jaune\"\n               class=\"ngg-fancybox\" rel=\"6903b799e8ec28c15812689dbef1cf39\">\n                <img\n                    title=\"Chambre Jaune\"\n                    alt=\"Chambre Jaune\"\n                    src=\"https:\/\/longsard.fr\/fr\/wp-content\/gallery\/chambres\/thumbs\/thumbs_chambre-jaune.jpg\"\n                    width=\"100\"\n                    height=\"75\"\n                    style=\"max-width:100%;\"\n                \/>\n            <\/a>\n        <\/div>\n\t\t\t\t\t\t\t<\/div> \n\t\t\t\n        \n\t\t\t\t<div id=\"ngg-image-1\" class=\"ngg-gallery-thumbnail-box\" >\n\t\t\t\t        <div class=\"ngg-gallery-thumbnail\">\n            <a href=\"https:\/\/longsard.fr\/fr\/wp-content\/gallery\/chambres\/beaujolais-blue_0.jpg\"\n               title=\"\"\n               data-src=\"https:\/\/longsard.fr\/fr\/wp-content\/gallery\/chambres\/beaujolais-blue_0.jpg\"\n               data-thumbnail=\"https:\/\/longsard.fr\/fr\/wp-content\/gallery\/chambres\/thumbs\/thumbs_beaujolais-blue_0.jpg\"\n               data-image-id=\"15\"\n               data-title=\"Beaujolais bleu\"\n               data-description=\"\"\n               data-image-slug=\"beaujolais-bleu-2\"\n               class=\"ngg-fancybox\" rel=\"6903b799e8ec28c15812689dbef1cf39\">\n                <img\n                    title=\"Beaujolais bleu\"\n                    alt=\"Beaujolais bleu\"\n                    src=\"https:\/\/longsard.fr\/fr\/wp-content\/gallery\/chambres\/thumbs\/thumbs_beaujolais-blue_0.jpg\"\n                    width=\"100\"\n                    height=\"75\"\n                    style=\"max-width:100%;\"\n                \/>\n            <\/a>\n        <\/div>\n\t\t\t\t\t\t\t<\/div> \n\t\t\t\n        \n\t\t\t\t<div id=\"ngg-image-2\" class=\"ngg-gallery-thumbnail-box\" >\n\t\t\t\t        <div class=\"ngg-gallery-thumbnail\">\n            <a href=\"https:\/\/longsard.fr\/fr\/wp-content\/gallery\/chambres\/chambre-olivia.jpg\"\n               title=\"\"\n               data-src=\"https:\/\/longsard.fr\/fr\/wp-content\/gallery\/chambres\/chambre-olivia.jpg\"\n               data-thumbnail=\"https:\/\/longsard.fr\/fr\/wp-content\/gallery\/chambres\/thumbs\/thumbs_chambre-olivia.jpg\"\n               data-image-id=\"17\"\n               data-title=\"Chambre Olivia\"\n               data-description=\"\"\n               data-image-slug=\"chambre-olivia\"\n               class=\"ngg-fancybox\" rel=\"6903b799e8ec28c15812689dbef1cf39\">\n                <img\n                    title=\"Chambre Olivia\"\n                    alt=\"Chambre Olivia\"\n                    src=\"https:\/\/longsard.fr\/fr\/wp-content\/gallery\/chambres\/thumbs\/thumbs_chambre-olivia.jpg\"\n                    width=\"100\"\n                    height=\"75\"\n                    style=\"max-width:100%;\"\n                \/>\n            <\/a>\n        <\/div>\n\t\t\t\t\t\t\t<\/div> \n\t\t\t\n        \n\t\t\t\t<div id=\"ngg-image-3\" class=\"ngg-gallery-thumbnail-box\" >\n\t\t\t\t        <div class=\"ngg-gallery-thumbnail\">\n            <a href=\"https:\/\/longsard.fr\/fr\/wp-content\/gallery\/chambres\/east-room.jpg\"\n               title=\"\"\n               data-src=\"https:\/\/longsard.fr\/fr\/wp-content\/gallery\/chambres\/east-room.jpg\"\n               data-thumbnail=\"https:\/\/longsard.fr\/fr\/wp-content\/gallery\/chambres\/thumbs\/thumbs_east-room.jpg\"\n               data-image-id=\"18\"\n               data-title=\"Chambre Olivia\"\n               data-description=\"\"\n               data-image-slug=\"chambre-olivia-2\"\n               class=\"ngg-fancybox\" rel=\"6903b799e8ec28c15812689dbef1cf39\">\n                <img\n                    title=\"Chambre Olivia\"\n                    alt=\"Chambre Olivia\"\n                    src=\"https:\/\/longsard.fr\/fr\/wp-content\/gallery\/chambres\/thumbs\/thumbs_east-room.jpg\"\n                    width=\"100\"\n                    height=\"75\"\n                    style=\"max-width:100%;\"\n                \/>\n            <\/a>\n        <\/div>\n\t\t\t\t\t\t\t<\/div> \n\t\t\t\n        \n\t\t\t\t<div id=\"ngg-image-4\" class=\"ngg-gallery-thumbnail-box\" >\n\t\t\t\t        <div class=\"ngg-gallery-thumbnail\">\n            <a href=\"https:\/\/longsard.fr\/fr\/wp-content\/gallery\/chambres\/fireplace.jpg\"\n               title=\"\"\n               data-src=\"https:\/\/longsard.fr\/fr\/wp-content\/gallery\/chambres\/fireplace.jpg\"\n               data-thumbnail=\"https:\/\/longsard.fr\/fr\/wp-content\/gallery\/chambres\/thumbs\/thumbs_fireplace.jpg\"\n               data-image-id=\"19\"\n               data-title=\"Beaujolais bleu\"\n               data-description=\"\"\n               data-image-slug=\"beaujolais-bleu\"\n               class=\"ngg-fancybox\" rel=\"6903b799e8ec28c15812689dbef1cf39\">\n                <img\n                    title=\"Beaujolais bleu\"\n                    alt=\"Beaujolais bleu\"\n                    src=\"https:\/\/longsard.fr\/fr\/wp-content\/gallery\/chambres\/thumbs\/thumbs_fireplace.jpg\"\n                    width=\"100\"\n                    height=\"75\"\n                    style=\"max-width:100%;\"\n                \/>\n            <\/a>\n        <\/div>\n\t\t\t\t\t\t\t<\/div> \n\t\t\t\n        \n\t\t\t\t<div id=\"ngg-image-5\" class=\"ngg-gallery-thumbnail-box\" >\n\t\t\t\t        <div class=\"ngg-gallery-thumbnail\">\n            <a href=\"https:\/\/longsard.fr\/fr\/wp-content\/gallery\/chambres\/hall-and-mirror.jpg\"\n               title=\"\"\n               data-src=\"https:\/\/longsard.fr\/fr\/wp-content\/gallery\/chambres\/hall-and-mirror.jpg\"\n               data-thumbnail=\"https:\/\/longsard.fr\/fr\/wp-content\/gallery\/chambres\/thumbs\/thumbs_hall-and-mirror.jpg\"\n               data-image-id=\"20\"\n               data-title=\"Entr\u00e9e\"\n               data-description=\"\"\n               data-image-slug=\"entree\"\n               class=\"ngg-fancybox\" rel=\"6903b799e8ec28c15812689dbef1cf39\">\n                <img\n                    title=\"Entr\u00e9e\"\n                    alt=\"Entr\u00e9e\"\n                    src=\"https:\/\/longsard.fr\/fr\/wp-content\/gallery\/chambres\/thumbs\/thumbs_hall-and-mirror.jpg\"\n                    width=\"100\"\n                    height=\"75\"\n                    style=\"max-width:100%;\"\n                \/>\n            <\/a>\n        <\/div>\n\t\t\t\t\t\t\t<\/div> \n\t\t\t\n        \n\t\t\t\t<div id=\"ngg-image-6\" class=\"ngg-gallery-thumbnail-box\" >\n\t\t\t\t        <div class=\"ngg-gallery-thumbnail\">\n            <a href=\"https:\/\/longsard.fr\/fr\/wp-content\/gallery\/chambres\/rooms-017.jpg\"\n               title=\"\"\n               data-src=\"https:\/\/longsard.fr\/fr\/wp-content\/gallery\/chambres\/rooms-017.jpg\"\n               data-thumbnail=\"https:\/\/longsard.fr\/fr\/wp-content\/gallery\/chambres\/thumbs\/thumbs_rooms-017.jpg\"\n               data-image-id=\"31\"\n               data-title=\"rooms-017\"\n               data-description=\"\"\n               data-image-slug=\"rooms-017\"\n               class=\"ngg-fancybox\" rel=\"6903b799e8ec28c15812689dbef1cf39\">\n                <img\n                    title=\"rooms-017\"\n                    alt=\"rooms-017\"\n                    src=\"https:\/\/longsard.fr\/fr\/wp-content\/gallery\/chambres\/thumbs\/thumbs_rooms-017.jpg\"\n                    width=\"100\"\n                    height=\"75\"\n                    style=\"max-width:100%;\"\n                \/>\n            <\/a>\n        <\/div>\n\t\t\t\t\t\t\t<\/div> \n\t\t\t\n        \n\t\t\n\t\t<!-- Pagination -->\n\t<div class='ngg-clear'><\/div>\t<\/div>\n\n","protected":false},"excerpt":{"rendered":"<p>Tous pr\u00e8s de l&rsquo;autoroute A6, mais en pleine campagne le ch\u00e2teau de Longsard vous propose cinq chambres de prestige toutes avec vue sur les jardins &hellip;<\/p>\n","protected":false},"author":1,"featured_media":0,"parent":0,"menu_order":0,"comment_status":"closed","ping_status":"closed","template":"","meta":{"ngg_post_thumbnail":0},"_links":{"self":[{"href":"https:\/\/longsard.fr\/fr\/index.php\/wp-json\/wp\/v2\/pages\/124"}],"collection":[{"href":"https:\/\/longsard.fr\/fr\/index.php\/wp-json\/wp\/v2\/pages"}],"about":[{"href":"https:\/\/longsard.fr\/fr\/index.php\/wp-json\/wp\/v2\/types\/page"}],"author":[{"embeddable":true,"href":"https:\/\/longsard.fr\/fr\/index.php\/wp-json\/wp\/v2\/users\/1"}],"replies":[{"embeddable":true,"href":"https:\/\/longsard.fr\/fr\/index.php\/wp-json\/wp\/v2\/comments?post=124"}],"version-history":[{"count":9,"href":"https:\/\/longsard.fr\/fr\/index.php\/wp-json\/wp\/v2\/pages\/124\/revisions"}],"predecessor-version":[{"id":465,"href":"https:\/\/longsard.fr\/fr\/index.php\/wp-json\/wp\/v2\/pages\/124\/revisions\/465"}],"wp:attachment":[{"href":"https:\/\/longsard.fr\/fr\/index.php\/wp-json\/wp\/v2\/media?parent=124"}],"curies":[{"name":"wp","href":"https:\/\/api.w.org\/{rel}","templated":true}]}}