{"id":187,"date":"2011-08-25T11:08:29","date_gmt":"2011-08-25T09:08:29","guid":{"rendered":"http:\/\/longsard.fr\/fr\/?page_id=187"},"modified":"2014-05-03T13:28:11","modified_gmt":"2014-05-03T11:28:11","slug":"tarifs","status":"publish","type":"page","link":"http:\/\/longsard.fr\/fr\/index.php\/tarifs\/","title":{"rendered":"Tarifs"},"content":{"rendered":"<p><script type=\"text\/javascript\">\/\/ <![CDATA[\n\n\n  var _gaq = _gaq || [];\n  _gaq.push(['_setAccount', 'UA-7282598-3']);\n  _gaq.push(['_setDomainName', '.longsard.fr']);\n  _gaq.push(['_trackPageview']);\n\n  (function() {\n    var ga = document.createElement('script'); ga.type = 'text\/javascript'; ga.async = true;\n    ga.src = ('https:' == document.location.protocol ? 'https:\/\/ssl' : 'http:\/\/www') + '.google-analytics.com\/ga.js';\n    var s = document.getElementsByTagName('script')[0]; s.parentNode.insertBefore(ga, s);\n  })();\n\n\/\/ ]]><\/script>Tarifs \u00a0g\u00eetes, location meubl\u00e9e, location court s\u00e9jour<\/p>\n<div>Les tarifs varient en fonction de la dur\u00e9e du s\u00e9jour , 1 nuit, 1 weekend , 1 mois ou plus<\/div>\n<div>\u00a0 \u00a0 \u00a0 \u00a0 \u00a0 \u00a0 \u00a0 \u00a0 \u00a0 \u00a0 \u00a0 \u00a0 \u00a0 \u00a0 \u00a0 \u00a0 \u00a0 \u00a0 \u00a0 \u00a0 \u00a0 \u00a0 \u00a0 \u00a0\u00a0<strong>1 nuit \u00a0 \u00a0 \u00a0 \u00a0 \u00a0 \u00a0 \u00a0 Weekend \u00a0 \u00a0 \u00a0 \u00a0 1 semaine \u00a0 \u00a0 \u00a0 \u00a0 \u00a0 \u00a0 \u00a0 \u00a0 \u00a0 \u00a01 mois<\/strong><\/div>\n<div>\u00a0 \u00a0 \u00a0 \u00a0 \u00a0 \u00a0 \u00a0 \u00a0 \u00a0 \u00a0 \u00a0 \u00a0 \u00a0 \u00a0 \u00a0 \u00a0 \u00a0 \u00a0 \u00a0 \u00a0 \u00a0 \u00a0 \u00a0 \u00a0en semaine \u00a0 \u00a0 \u00a0 \u00a02 nuits \u00a0 \u00a0 \u00a0 \u00a0 \u00a0 \u00a0 Haute saison \u00a0 \u00a0 \u00a0 \u00a0 \u00a0 \u00a0 \u00a0 \u00a0Basesaison<\/div>\n<div>\u00a0 \u00a0 \u00a0 \u00a0 \u00a0 \u00a0 \u00a0 \u00a0 \u00a0 \u00a0 \u00a0 \u00a0 \u00a0 \u00a0 \u00a0 \u00a0 \u00a0 \u00a0 \u00a0 \u00a0 \u00a0 \u00a0 \u00a0 \u00a0 \u00a0 \u00a0 \u00a0 \u00a0 \u00a0 \u00a0 \u00a0 \u00a0 \u00a0 \u00a0 \u00a0 \u00a0 \u00a0 \u00a0 \u00a0 \u00a0 \u00a0 \u00a0 \u00a0 \u00a0 \u00a0 \u00a0 \u00a0 \u00a0 \u00a0 \u00a0\u00e9lectricit\u00e9 ; inclus \u00a0 \u00a0 \u00a0 \u00a0<strong>\u00a0 \u00a0 non<\/strong> inclus<\/div>\n<div>Duplex \u00a0pour 1 ou \u00a02 \u00a0 \u00a0 \u00a0 \u00a0 \u00a0 \u00a0 \u00a0 \u00a0115 \u00a0 \u00a0 \u00a0 \u00a0 \u00a0 \u00a0 \u00a0 200 \u00a0 \u00a0 \u00a0 \u00a0 \u00a0 \u00a0 \u00a0 \u00a0 \u00a0 \u00a0 350\/450 \u00a0 \u00a0 \u00a0 \u00a0 \u00a0 \u00a0 \u00a0 \u00a0 \u00a0 \u00a0 \u00a0 \u00a0550\/800<\/div>\n<div>Suite \u00a0 \u00a0jusqu\u2019\u00e0 \u00a0 4 \u00a0 \u00a0 \u00a0 \u00a0 \u00a0 \u00a0 \u00a0 \u00a0 \u00a0 \u00a0 150 \u00a0 \u00a0 \u00a0 \u00a0 \u00a0 \u00a0 \u00a0250 \u00a0 \u00a0 \u00a0 \u00a0 \u00a0 \u00a0 \u00a0 \u00a0 \u00a0 \u00a0 \u00a0700\/800 \u00a0 \u00a0 \u00a0 \u00a0 \u00a0 \u00a0 \u00a0 \u00a0 \u00a0 \u00a0 \u00a0 \u00a01200<\/div>\n<div>\u00a0( avec 2 chambres s\u00e9par\u00e9es )<\/div>\n<div>Drap et serviettes compris.<\/div>\n<div>M\u00e9nage hebdomadaire inclus.<\/div>\n<div>taxe de s\u00e9jour \u00e0 r\u00e9gler en sus<\/div>\n<div>Petit d\u00e9jeuner non compris**<\/div>\n<div>lit suppl\u00e9mentaire 25\u20ac par nuit<\/div>\n<div><strong>Conditions de r\u00e9servation et d\u2019annulation<\/strong><br \/>\nAfin de confirmer votre r\u00e9servation nous avons besoin d&rsquo;un ch\u00e8que de caution ou d&rsquo;un num\u00e9ro de CB avec date d&rsquo;expiration et le cryptogramme. Afin d&rsquo;\u00e9viter tout malentendu, toute modification ou annulation devra nous \u00eatre confirm\u00e9e par \u00e9crit (courrier, fax ou e-mail). En cas d&rsquo;annulation \u00e0 moins de 21 jours de la date d&rsquo;arriv\u00e9e pr\u00e9vue, nous sommes en mesure de d\u00e9bit\u00e9 50% \u00a0de la carte bleue, si \u00e0 moins de 48h 100% seront d\u00e9bit\u00e9s de la carte bleue.<\/div>\n<div>Les heures d&rsquo; ouverture sont de 8h00 \u00e0 21h00. Toute arriv\u00e9 apr\u00e8s 21h00 aura une majoration de prix de 10\u20ac par heure de retard. Tout d\u00e9part apr\u00e8s 11h00 peut-\u00eatre factur\u00e9 10\u20ac par demi heure en plus.<\/div>\n","protected":false},"excerpt":{"rendered":"<p>Tarifs \u00a0g\u00eetes, location meubl\u00e9e, location court s\u00e9jour Les tarifs varient en fonction de la dur\u00e9e du s\u00e9jour , 1 nuit, 1 weekend , 1 mois &hellip;<\/p>\n","protected":false},"author":1,"featured_media":0,"parent":0,"menu_order":0,"comment_status":"closed","ping_status":"closed","template":"","meta":{"ngg_post_thumbnail":0},"_links":{"self":[{"href":"http:\/\/longsard.fr\/fr\/index.php\/wp-json\/wp\/v2\/pages\/187"}],"collection":[{"href":"http:\/\/longsard.fr\/fr\/index.php\/wp-json\/wp\/v2\/pages"}],"about":[{"href":"http:\/\/longsard.fr\/fr\/index.php\/wp-json\/wp\/v2\/types\/page"}],"author":[{"embeddable":true,"href":"http:\/\/longsard.fr\/fr\/index.php\/wp-json\/wp\/v2\/users\/1"}],"replies":[{"embeddable":true,"href":"http:\/\/longsard.fr\/fr\/index.php\/wp-json\/wp\/v2\/comments?post=187"}],"version-history":[{"count":20,"href":"http:\/\/longsard.fr\/fr\/index.php\/wp-json\/wp\/v2\/pages\/187\/revisions"}],"predecessor-version":[{"id":189,"href":"http:\/\/longsard.fr\/fr\/index.php\/wp-json\/wp\/v2\/pages\/187\/revisions\/189"}],"wp:attachment":[{"href":"http:\/\/longsard.fr\/fr\/index.php\/wp-json\/wp\/v2\/media?parent=187"}],"curies":[{"name":"wp","href":"https:\/\/api.w.org\/{rel}","templated":true}]}}