{"id":109,"date":"2011-08-22T23:08:14","date_gmt":"2011-08-22T21:08:14","guid":{"rendered":"http:\/\/longsard.fr\/fr\/?page_id=109"},"modified":"2014-10-27T13:43:25","modified_gmt":"2014-10-27T12:43:25","slug":"tarifs-seminaires","status":"publish","type":"page","link":"http:\/\/longsard.fr\/fr\/index.php\/tarifs-seminaires\/","title":{"rendered":"Tarifs S\u00e9minaires"},"content":{"rendered":"<p><script type=\"text\/javascript\">\/\/ <![CDATA[\n\n\n  var _gaq = _gaq || [];\n  _gaq.push(['_setAccount', 'UA-7282598-3']);\n  _gaq.push(['_setDomainName', '.longsard.fr']);\n  _gaq.push(['_trackPageview']);\n\n  (function() {\n    var ga = document.createElement('script'); ga.type = 'text\/javascript'; ga.async = true;\n    ga.src = ('https:' == document.location.protocol ? 'https:\/\/ssl' : 'http:\/\/www') + '.google-analytics.com\/ga.js';\n    var s = document.getElementsByTagName('script')[0]; s.parentNode.insertBefore(ga, s);\n  })();\n\n\/\/ ]]><\/script><\/p>\n<h1>TARIFS<\/h1>\n<p>Journ\u00e9e d\u2019\u00e9tude ;<\/p>\n<ul>\n<li>salle, 1 ou 2 \u00a0pauses, d\u00e9jeuner : 64\u20acHT par personne<\/li>\n<li>S\u00e9minaire semi r\u00e9sidentiel (sans diner);<br \/>\nsalle, 2 pauses, 1 d\u00e9jeuner, chambre avec petit d\u00e9jeuner : 130\u20ac HT<\/li>\n<li>S\u00e9minaire semi r\u00e9sidentiel (sans d\u00e9jeuner);<br \/>\nsalle, 2 pauses, 1 d\u00eener, chambre avec petit d\u00e9jeuner : 140\u20ac HT<\/li>\n<li>S\u00e9minaire r\u00e9sidentiel<br \/>\nsalle, 2 pauses, 1 d\u00e9jeuner, 1 diner, chambre avec petit d\u00e9jeuner : 164\u20ac HT<\/li>\n<li>Location de salles de sous-commissions ( nous demander )<\/li>\n<\/ul>\n<p>&nbsp;<\/p>\n<p>Tarif d\u00e9gressif \u00e0 partir de 10 personnes<br \/>\nTarif major\u00e9 si moins de 8 personnes<\/p>\n","protected":false},"excerpt":{"rendered":"<p>TARIFS Journ\u00e9e d\u2019\u00e9tude ; salle, 1 ou 2 \u00a0pauses, d\u00e9jeuner : 64\u20acHT par personne S\u00e9minaire semi r\u00e9sidentiel (sans diner); salle, 2 pauses, 1 d\u00e9jeuner, chambre &hellip;<\/p>\n","protected":false},"author":1,"featured_media":0,"parent":0,"menu_order":0,"comment_status":"closed","ping_status":"closed","template":"onecolumn-page.php","meta":{"ngg_post_thumbnail":0},"_links":{"self":[{"href":"http:\/\/longsard.fr\/fr\/index.php\/wp-json\/wp\/v2\/pages\/109"}],"collection":[{"href":"http:\/\/longsard.fr\/fr\/index.php\/wp-json\/wp\/v2\/pages"}],"about":[{"href":"http:\/\/longsard.fr\/fr\/index.php\/wp-json\/wp\/v2\/types\/page"}],"author":[{"embeddable":true,"href":"http:\/\/longsard.fr\/fr\/index.php\/wp-json\/wp\/v2\/users\/1"}],"replies":[{"embeddable":true,"href":"http:\/\/longsard.fr\/fr\/index.php\/wp-json\/wp\/v2\/comments?post=109"}],"version-history":[{"count":6,"href":"http:\/\/longsard.fr\/fr\/index.php\/wp-json\/wp\/v2\/pages\/109\/revisions"}],"predecessor-version":[{"id":112,"href":"http:\/\/longsard.fr\/fr\/index.php\/wp-json\/wp\/v2\/pages\/109\/revisions\/112"}],"wp:attachment":[{"href":"http:\/\/longsard.fr\/fr\/index.php\/wp-json\/wp\/v2\/media?parent=109"}],"curies":[{"name":"wp","href":"https:\/\/api.w.org\/{rel}","templated":true}]}}