{"id":103,"date":"2011-08-22T23:03:14","date_gmt":"2011-08-22T21:03:14","guid":{"rendered":"http:\/\/longsard.fr\/fr\/?page_id=103"},"modified":"2014-05-03T13:31:24","modified_gmt":"2014-05-03T11:31:24","slug":"tarifs-chambres","status":"publish","type":"page","link":"http:\/\/longsard.fr\/fr\/index.php\/chambre-dhote-de-charme-pres-de-lyon-macon-beaujolais\/tarifs-chambres\/","title":{"rendered":"Tarifs Chambres"},"content":{"rendered":"<p><script type=\"text\/javascript\">\/\/ <![CDATA[\n\n\n  var _gaq = _gaq || [];\n  _gaq.push(['_setAccount', 'UA-7282598-3']);\n  _gaq.push(['_setDomainName', '.longsard.fr']);\n  _gaq.push(['_trackPageview']);\n\n  (function() {\n    var ga = document.createElement('script'); ga.type = 'text\/javascript'; ga.async = true;\n    ga.src = ('https:' == document.location.protocol ? 'https:\/\/ssl' : 'http:\/\/www') + '.google-analytics.com\/ga.js';\n    var s = document.getElementsByTagName('script')[0]; s.parentNode.insertBefore(ga, s);\n  })();\n\n\/\/ ]]><\/script><\/p>\n<div id=\"chambre\">Nous faisons un prix d\u00e9gressif pour 2 jours et plus, veuillez nous contacter.<\/div>\n<div>Pour soutenir les sportifs qui participent au concours \u00e0 Arnas nous vous ferons un prix sp\u00e9cial, veuillez nous contacter. (<em>Marathon du Beaujolais, concours hippiques \u00e0 Chambourcy et \u00e0 la Sauvageonne, concours gymnastique \u00e0 L&rsquo;ESCALE)<\/em><\/div>\n<div>\u00a0 \u00a0 \u00a0 \u00a0 \u00a0 \u00a0 \u00a0 \u00a0 \u00a0 \u00a0 \u00a0 \u00a0 \u00a0 \u00a0 \u00a0 \u00a0 \u00a0 \u00a0 \u00a0 \u00a0 \u00a0 \u00a0 \u00a0 \u00a0 \u00a0 \u00a0 \u00a0 \u00a0 \u00a0 \u00a0 \u00a0 \u00a0 \u00a0En semaine \u00a0 \u00a0 \u00a0 vendredi et samedi<br \/>\nChambre d\u2019Olivia \u00a0pour 2 \u00a0 \u00a0 \u00a0 \u00a0 \u00a0 \u00a0 \u00a0 \u00a0 \u00a0 \u00a0 140 \u00a0 \u00a0 \u00a0 \u00a0 \u00a0 \u00a0 \u00a0 \u00a0 \u00a0 \u00a0 \u00a0150<br \/>\nSuite \u00a0Beaujolais bleu \u00a0pour 2 \u00a0 \u00a0 \u00a0 \u00a0 \u00a0 \u00a0 \u00a0 150 \u00a0 \u00a0 \u00a0 \u00a0 \u00a0 \u00a0 \u00a0 \u00a0 \u00a0 \u00a0 \u00a0150<br \/>\nSuite \u00a0Beaujolais bleu \u00a0pour 4 \u00a0 \u00a0 \u00a0 \u00a0 \u00a0 \u00a0 \u00a0 270 \u00a0 \u00a0 \u00a0 \u00a0 \u00a0 \u00a0 \u00a0 \u00a0 \u00a0 \u00a0 310 ( 2 chambres communicantes )<br \/>\nChambre des mari\u00e9es \u00a0 \u00a0 \u00a0 \u00a0 \u00a0 \u00a0 \u00a0 \u00a0 \u00a0 \u00a0 \u00a0 \u00a0 \u00a0 125 \u00a0 \u00a0 \u00a0 \u00a0 \u00a0 \u00a0 \u00a0 \u00a0 \u00a0 \u00a0 \u00a0140<br \/>\nSuite Est \u00a0pour 2 \u00a0 \u00a0 \u00a0 \u00a0 \u00a0 \u00a0 \u00a0 \u00a0 \u00a0 \u00a0 \u00a0 \u00a0 \u00a0 \u00a0 \u00a0 \u00a0 \u00a0 \u00a0125 \u00a0 \u00a0 \u00a0 \u00a0 \u00a0 \u00a0 \u00a0 \u00a0 \u00a0 \u00a0 \u00a0140<\/div>\n<div>Suite Est \u00a0pour 3 \u00a0 \u00a0 \u00a0 \u00a0 \u00a0 \u00a0 \u00a0 \u00a0 \u00a0 \u00a0 \u00a0 \u00a0 \u00a0 \u00a0 \u00a0 \u00a0 \u00a0 \u00a0150 \u00a0 \u00a0 \u00a0 \u00a0 \u00a0 \u00a0 \u00a0 \u00a0 \u00a0 \u00a0 \u00a0165<\/div>\n<div>Suite ouest pour 2 \u00a0 \u00a0 \u00a0 \u00a0 \u00a0 \u00a0 \u00a0 \u00a0 \u00a0 \u00a0 \u00a0 \u00a0 \u00a0 \u00a0 \u00a0 \u00a0 \u00a0125 \u00a0 \u00a0 \u00a0 \u00a0 \u00a0 \u00a0 \u00a0 \u00a0 \u00a0 \u00a0 \u00a0140<\/div>\n<div>Suite ouest pour 3 \u00a0 \u00a0 \u00a0 \u00a0 \u00a0 \u00a0 \u00a0 \u00a0 \u00a0 \u00a0 \u00a0 \u00a0 \u00a0 \u00a0 \u00a0 \u00a0 \u00a0150 \u00a0 \u00a0 \u00a0 \u00a0 \u00a0 \u00a0 \u00a0 \u00a0 \u00a0 \u00a0 \u00a0165<\/div>\n<div>\n<p>* taxe de s\u00e9jour \u00e0 r\u00e9gler en sus<\/p>\n<p>** lit suppl\u00e9mentaire 25\u20ac<\/p>\n<\/div>\n<div>Heures d&rsquo;arriv\u00e9 entre 16h00 et 19h00<\/div>\n<div>D\u00e9part avant 11h00<\/div>\n<div><strong>Conditions de r\u00e9servation et d\u2019annulation<\/strong><br \/>\nAfin de confirmer votre r\u00e9servation nous avons besoin d&rsquo;un ch\u00e8que de caution ou d&rsquo;un num\u00e9ro de CB avec date d&rsquo;expiration et le cryptogramme. Afin d&rsquo;\u00e9viter tout malentendu, toute modification ou annulation devra nous \u00eatre confirm\u00e9e par \u00e9crit (courrier, fax ou e-mail). En cas d&rsquo;annulation \u00e0 moins de 30 jours de la date d&rsquo;arriv\u00e9e pr\u00e9vue, nous sommes en mesure de d\u00e9biter 50% \u00a0de la carte bleue, si \u00e0 moins de 8 jours 100% seront d\u00e9bit\u00e9s de la carte bleue.<\/div>\n<div>Les heures d&rsquo; ouverture sont de 8h00 \u00e0 20h00.<\/div>\n<div>toute arriv\u00e9e avant 16h00 pourra \u00eatre factur\u00e9 10\u20ac par heure.<\/div>\n<div>Toute arriv\u00e9 apr\u00e8s 20h00 aura une majoration de prix de 10\u20ac par heure de retard.<\/div>\n<div>Tout d\u00e9part apr\u00e8s 11h00 pourra \u00eatre factur\u00e9 10\u20ac par heure de retard.<\/div>\n<p>&nbsp;<\/p>\n<p>&nbsp;<\/p>\n","protected":false},"excerpt":{"rendered":"<p>Nous faisons un prix d\u00e9gressif pour 2 jours et plus, veuillez nous contacter. Pour soutenir les sportifs qui participent au concours \u00e0 Arnas nous vous &hellip;<\/p>\n","protected":false},"author":1,"featured_media":0,"parent":124,"menu_order":0,"comment_status":"closed","ping_status":"closed","template":"","meta":{"ngg_post_thumbnail":0},"_links":{"self":[{"href":"http:\/\/longsard.fr\/fr\/index.php\/wp-json\/wp\/v2\/pages\/103"}],"collection":[{"href":"http:\/\/longsard.fr\/fr\/index.php\/wp-json\/wp\/v2\/pages"}],"about":[{"href":"http:\/\/longsard.fr\/fr\/index.php\/wp-json\/wp\/v2\/types\/page"}],"author":[{"embeddable":true,"href":"http:\/\/longsard.fr\/fr\/index.php\/wp-json\/wp\/v2\/users\/1"}],"replies":[{"embeddable":true,"href":"http:\/\/longsard.fr\/fr\/index.php\/wp-json\/wp\/v2\/comments?post=103"}],"version-history":[{"count":23,"href":"http:\/\/longsard.fr\/fr\/index.php\/wp-json\/wp\/v2\/pages\/103\/revisions"}],"predecessor-version":[{"id":133,"href":"http:\/\/longsard.fr\/fr\/index.php\/wp-json\/wp\/v2\/pages\/103\/revisions\/133"}],"up":[{"embeddable":true,"href":"http:\/\/longsard.fr\/fr\/index.php\/wp-json\/wp\/v2\/pages\/124"}],"wp:attachment":[{"href":"http:\/\/longsard.fr\/fr\/index.php\/wp-json\/wp\/v2\/media?parent=103"}],"curies":[{"name":"wp","href":"https:\/\/api.w.org\/{rel}","templated":true}]}}