{"id":152,"date":"2011-08-25T13:13:09","date_gmt":"2011-08-25T12:13:09","guid":{"rendered":"http:\/\/longsard.fr\/en\/?page_id=152"},"modified":"2011-08-27T18:17:05","modified_gmt":"2011-08-27T16:17:05","slug":"longsard-in-the-news","status":"publish","type":"page","link":"http:\/\/longsard.fr\/en\/guest-book\/longsard-in-the-news","title":{"rendered":"Longsard in the news"},"content":{"rendered":"<p><script type=\"text\/javascript\"><\/p>\n<p>  var _gaq = _gaq || [];\n  _gaq.push(['_setAccount', 'UA-7282598-3']);\n  _gaq.push(['_setDomainName', '.longsard.fr']);\n  _gaq.push(['_trackPageview']);<\/p>\n<p>  (function() {\n    var ga = document.createElement('script'); ga.type = 'text\/javascript'; ga.async = true;\n    ga.src = ('https:' == document.location.protocol ? 'https:\/\/ssl' : 'http:\/\/www') + '.google-analytics.com\/ga.js';\n    var s = document.getElementsByTagName('script')[0]; s.parentNode.insertBefore(ga, s);\n  })();<\/p>\n<p><\/script><br \/>\n<a href=\"http:\/\/longsard.fr\/en\/wp-content\/uploads\/2011\/08\/Art-et-Culture-_-Ambassadeurs-du-Beaujolais-Le-Progr%C3%A8s.pdf\">Art et Culture _ Ambassadeurs du Beaujolais &#8211; Le Progr\u00e8s<\/a><\/p>\n<p>&nbsp;<\/p>\n<p><a href=\"http:\/\/longsard.fr\/en\/wp-content\/uploads\/2011\/08\/Art-et-Culture-_-Une-propri%C3%A9t%C3%A9-beaujolaise-au-c_ur-des-vignes-Le-Progr%C3%A8s.pdf\">Art et Culture _ Une propri\u00e9t\u00e9 beaujolaise au c_ur des vignes &#8211; Le Progr\u00e8s<\/a><\/p>\n","protected":false},"excerpt":{"rendered":"<p>Art et Culture _ Ambassadeurs du Beaujolais &#8211; Le Progr\u00e8s &nbsp; Art et Culture _ Une propri\u00e9t\u00e9 beaujolaise au c_ur des vignes &#8211; Le Progr\u00e8s<\/p>\n","protected":false},"author":1,"featured_media":0,"parent":146,"menu_order":0,"comment_status":"closed","ping_status":"open","template":"","meta":{"ngg_post_thumbnail":0},"_links":{"self":[{"href":"http:\/\/longsard.fr\/en\/wp-json\/wp\/v2\/pages\/152"}],"collection":[{"href":"http:\/\/longsard.fr\/en\/wp-json\/wp\/v2\/pages"}],"about":[{"href":"http:\/\/longsard.fr\/en\/wp-json\/wp\/v2\/types\/page"}],"author":[{"embeddable":true,"href":"http:\/\/longsard.fr\/en\/wp-json\/wp\/v2\/users\/1"}],"replies":[{"embeddable":true,"href":"http:\/\/longsard.fr\/en\/wp-json\/wp\/v2\/comments?post=152"}],"version-history":[{"count":6,"href":"http:\/\/longsard.fr\/en\/wp-json\/wp\/v2\/pages\/152\/revisions"}],"predecessor-version":[{"id":220,"href":"http:\/\/longsard.fr\/en\/wp-json\/wp\/v2\/pages\/152\/revisions\/220"}],"up":[{"embeddable":true,"href":"http:\/\/longsard.fr\/en\/wp-json\/wp\/v2\/pages\/146"}],"wp:attachment":[{"href":"http:\/\/longsard.fr\/en\/wp-json\/wp\/v2\/media?parent=152"}],"curies":[{"name":"wp","href":"https:\/\/api.w.org\/{rel}","templated":true}]}}